{"id":168,"date":"2025-06-29T11:16:09","date_gmt":"2025-06-29T09:16:09","guid":{"rendered":"https:\/\/outsourcetech.pl\/?page_id=168"},"modified":"2025-06-29T14:16:49","modified_gmt":"2025-06-29T12:16:49","slug":"off-grid","status":"publish","type":"page","link":"https:\/\/outsourcetech.pl\/?page_id=168","title":{"rendered":"Projekt Off-grid"},"content":{"rendered":"\n<div class=\"wp-block-uagb-container uagb-block-dee3e5d6 alignfull uagb-is-root-container\"><div class=\"uagb-container-inner-blocks-wrap\">\n<h2 class=\"wp-block-heading has-text-align-center\">&#8230;to oferta skierowana<br>dla domk\u00f3w traperskich<br><br>&#8230;mini domk\u00f3w dla dzieci<br><br>&#8230;pojazd\u00f3w kamperowych,<br>campervan\u00f3w<br><br>przyczep i domk\u00f3w kempingowych<br><br>oraz mobilnych i przeno\u015bnych<br>instalacji fotowoltaicznych<br><br><\/h2>\n<\/div><\/div>\n\n\n\n<div class=\"wp-block-uagb-container uagb-block-64859a31 alignfull uagb-is-root-container\"><div class=\"uagb-container-inner-blocks-wrap\">\n<h3 class=\"wp-block-heading has-text-align-center\"><strong><em>&#8230;instalacja w domku dla dziecka<\/em><\/strong><\/h3>\n\n\n\n<div class=\"wp-block-uagb-container uagb-block-40ec79b1\">\n<div class=\"wp-block-group alignfull has-global-padding is-layout-constrained wp-container-core-group-is-layout-b25ccd55 wp-block-group-is-layout-constrained\" style=\"margin-top:0;margin-bottom:0;padding-top:var(--wp--preset--spacing--50);padding-right:var(--wp--preset--spacing--50);padding-bottom:var(--wp--preset--spacing--50);padding-left:var(--wp--preset--spacing--50)\">\n<div class=\"wp-block-columns alignwide is-layout-flex wp-container-core-columns-is-layout-ff4b9c61 wp-block-columns-is-layout-flex\" style=\"margin-top:0;margin-bottom:0\">\n<div class=\"wp-block-column is-layout-flow wp-container-core-column-is-layout-8a368f38 wp-block-column-is-layout-flow\">\n<figure class=\"wp-block-image size-large is-style-rounded is-style-rounded--1\"><img loading=\"lazy\" decoding=\"async\" width=\"1024\" height=\"461\" src=\"https:\/\/outsourcetech.pl\/wp-content\/uploads\/2025\/06\/IMG_20250527_140026-1024x461.jpg\" alt=\"\" class=\"wp-image-215\" style=\"aspect-ratio:4\/3;object-fit:cover\" srcset=\"https:\/\/outsourcetech.pl\/wp-content\/uploads\/2025\/06\/IMG_20250527_140026-1024x461.jpg 1024w, https:\/\/outsourcetech.pl\/wp-content\/uploads\/2025\/06\/IMG_20250527_140026-300x135.jpg 300w, https:\/\/outsourcetech.pl\/wp-content\/uploads\/2025\/06\/IMG_20250527_140026-768x346.jpg 768w, https:\/\/outsourcetech.pl\/wp-content\/uploads\/2025\/06\/IMG_20250527_140026-1536x691.jpg 1536w, https:\/\/outsourcetech.pl\/wp-content\/uploads\/2025\/06\/IMG_20250527_140026-2048x922.jpg 2048w\" sizes=\"auto, (max-width: 1024px) 100vw, 1024px\" \/><\/figure>\n\n\n\n<div style=\"height:var(--wp--preset--spacing--50)\" aria-hidden=\"true\" class=\"wp-block-spacer\"><\/div>\n\n\n\n<figure class=\"wp-block-image size-large is-style-rounded is-style-rounded--2\"><img loading=\"lazy\" decoding=\"async\" width=\"461\" height=\"1024\" src=\"https:\/\/outsourcetech.pl\/wp-content\/uploads\/2025\/06\/IMG_20240720_200736-461x1024.jpg\" alt=\"\" class=\"wp-image-218\" style=\"aspect-ratio:3\/4;object-fit:cover\" srcset=\"https:\/\/outsourcetech.pl\/wp-content\/uploads\/2025\/06\/IMG_20240720_200736-461x1024.jpg 461w, https:\/\/outsourcetech.pl\/wp-content\/uploads\/2025\/06\/IMG_20240720_200736-135x300.jpg 135w, https:\/\/outsourcetech.pl\/wp-content\/uploads\/2025\/06\/IMG_20240720_200736-768x1707.jpg 768w, https:\/\/outsourcetech.pl\/wp-content\/uploads\/2025\/06\/IMG_20240720_200736-691x1536.jpg 691w, https:\/\/outsourcetech.pl\/wp-content\/uploads\/2025\/06\/IMG_20240720_200736-922x2048.jpg 922w, https:\/\/outsourcetech.pl\/wp-content\/uploads\/2025\/06\/IMG_20240720_200736-scaled.jpg 1152w\" sizes=\"auto, (max-width: 461px) 100vw, 461px\" \/><\/figure>\n\n\n\n<div style=\"height:var(--wp--preset--spacing--50)\" aria-hidden=\"true\" class=\"wp-block-spacer\"><\/div>\n\n\n\n<figure class=\"wp-block-image size-large is-style-rounded is-style-rounded--3\"><img loading=\"lazy\" decoding=\"async\" width=\"461\" height=\"1024\" src=\"https:\/\/outsourcetech.pl\/wp-content\/uploads\/2025\/06\/IMG_20240731_214650-461x1024.jpg\" alt=\"\" class=\"wp-image-221\" style=\"aspect-ratio:3\/4;object-fit:cover\" srcset=\"https:\/\/outsourcetech.pl\/wp-content\/uploads\/2025\/06\/IMG_20240731_214650-461x1024.jpg 461w, https:\/\/outsourcetech.pl\/wp-content\/uploads\/2025\/06\/IMG_20240731_214650-135x300.jpg 135w, https:\/\/outsourcetech.pl\/wp-content\/uploads\/2025\/06\/IMG_20240731_214650-768x1707.jpg 768w, https:\/\/outsourcetech.pl\/wp-content\/uploads\/2025\/06\/IMG_20240731_214650-691x1536.jpg 691w, https:\/\/outsourcetech.pl\/wp-content\/uploads\/2025\/06\/IMG_20240731_214650-922x2048.jpg 922w, https:\/\/outsourcetech.pl\/wp-content\/uploads\/2025\/06\/IMG_20240731_214650-scaled.jpg 1152w\" sizes=\"auto, (max-width: 461px) 100vw, 461px\" \/><\/figure>\n<\/div>\n\n\n\n<div class=\"wp-block-column is-layout-flow wp-container-core-column-is-layout-8a368f38 wp-block-column-is-layout-flow\">\n<div style=\"height:var(--wp--preset--spacing--50)\" aria-hidden=\"true\" class=\"wp-block-spacer\"><\/div>\n\n\n\n<figure class=\"wp-block-image size-large is-style-rounded is-style-rounded--4\"><img loading=\"lazy\" decoding=\"async\" width=\"461\" height=\"1024\" src=\"https:\/\/outsourcetech.pl\/wp-content\/uploads\/2025\/06\/IMG_20240626_204523-461x1024.jpg\" alt=\"\" class=\"wp-image-216\" style=\"aspect-ratio:3\/4;object-fit:cover\" srcset=\"https:\/\/outsourcetech.pl\/wp-content\/uploads\/2025\/06\/IMG_20240626_204523-461x1024.jpg 461w, https:\/\/outsourcetech.pl\/wp-content\/uploads\/2025\/06\/IMG_20240626_204523-135x300.jpg 135w, https:\/\/outsourcetech.pl\/wp-content\/uploads\/2025\/06\/IMG_20240626_204523-768x1707.jpg 768w, https:\/\/outsourcetech.pl\/wp-content\/uploads\/2025\/06\/IMG_20240626_204523-691x1536.jpg 691w, https:\/\/outsourcetech.pl\/wp-content\/uploads\/2025\/06\/IMG_20240626_204523-922x2048.jpg 922w, https:\/\/outsourcetech.pl\/wp-content\/uploads\/2025\/06\/IMG_20240626_204523-scaled.jpg 1152w\" sizes=\"auto, (max-width: 461px) 100vw, 461px\" \/><\/figure>\n\n\n\n<div style=\"height:var(--wp--preset--spacing--50)\" aria-hidden=\"true\" class=\"wp-block-spacer\"><\/div>\n\n\n\n<figure class=\"wp-block-image size-large is-style-rounded is-style-rounded--5\"><img loading=\"lazy\" decoding=\"async\" width=\"461\" height=\"1024\" src=\"https:\/\/outsourcetech.pl\/wp-content\/uploads\/2025\/06\/IMG_20250331_074447-461x1024.jpg\" alt=\"\" class=\"wp-image-219\" style=\"aspect-ratio:1;object-fit:cover\" srcset=\"https:\/\/outsourcetech.pl\/wp-content\/uploads\/2025\/06\/IMG_20250331_074447-461x1024.jpg 461w, https:\/\/outsourcetech.pl\/wp-content\/uploads\/2025\/06\/IMG_20250331_074447-135x300.jpg 135w, https:\/\/outsourcetech.pl\/wp-content\/uploads\/2025\/06\/IMG_20250331_074447-768x1707.jpg 768w, https:\/\/outsourcetech.pl\/wp-content\/uploads\/2025\/06\/IMG_20250331_074447-691x1536.jpg 691w, https:\/\/outsourcetech.pl\/wp-content\/uploads\/2025\/06\/IMG_20250331_074447-922x2048.jpg 922w, https:\/\/outsourcetech.pl\/wp-content\/uploads\/2025\/06\/IMG_20250331_074447-scaled.jpg 1152w\" sizes=\"auto, (max-width: 461px) 100vw, 461px\" \/><\/figure>\n\n\n\n<div style=\"height:var(--wp--preset--spacing--50)\" aria-hidden=\"true\" class=\"wp-block-spacer\"><\/div>\n\n\n\n<figure class=\"wp-block-image size-large is-style-rounded is-style-rounded--6\"><img loading=\"lazy\" decoding=\"async\" width=\"461\" height=\"1024\" src=\"https:\/\/outsourcetech.pl\/wp-content\/uploads\/2025\/06\/IMG_20240731_214711-461x1024.jpg\" alt=\"\" class=\"wp-image-222\" style=\"aspect-ratio:2\/3;object-fit:cover\" srcset=\"https:\/\/outsourcetech.pl\/wp-content\/uploads\/2025\/06\/IMG_20240731_214711-461x1024.jpg 461w, https:\/\/outsourcetech.pl\/wp-content\/uploads\/2025\/06\/IMG_20240731_214711-135x300.jpg 135w, https:\/\/outsourcetech.pl\/wp-content\/uploads\/2025\/06\/IMG_20240731_214711-768x1707.jpg 768w, https:\/\/outsourcetech.pl\/wp-content\/uploads\/2025\/06\/IMG_20240731_214711-691x1536.jpg 691w, https:\/\/outsourcetech.pl\/wp-content\/uploads\/2025\/06\/IMG_20240731_214711-922x2048.jpg 922w, https:\/\/outsourcetech.pl\/wp-content\/uploads\/2025\/06\/IMG_20240731_214711-scaled.jpg 1152w\" sizes=\"auto, (max-width: 461px) 100vw, 461px\" \/><\/figure>\n<\/div>\n\n\n\n<div class=\"wp-block-column is-layout-flow wp-container-core-column-is-layout-8a368f38 wp-block-column-is-layout-flow\">\n<figure class=\"wp-block-image size-large is-style-rounded is-style-rounded--7\"><img loading=\"lazy\" decoding=\"async\" width=\"1024\" height=\"461\" src=\"https:\/\/outsourcetech.pl\/wp-content\/uploads\/2025\/06\/IMG_20240720_200724-1024x461.jpg\" alt=\"\" class=\"wp-image-217\" style=\"aspect-ratio:3\/4;object-fit:cover\" srcset=\"https:\/\/outsourcetech.pl\/wp-content\/uploads\/2025\/06\/IMG_20240720_200724-1024x461.jpg 1024w, https:\/\/outsourcetech.pl\/wp-content\/uploads\/2025\/06\/IMG_20240720_200724-300x135.jpg 300w, https:\/\/outsourcetech.pl\/wp-content\/uploads\/2025\/06\/IMG_20240720_200724-768x346.jpg 768w, https:\/\/outsourcetech.pl\/wp-content\/uploads\/2025\/06\/IMG_20240720_200724-1536x691.jpg 1536w, https:\/\/outsourcetech.pl\/wp-content\/uploads\/2025\/06\/IMG_20240720_200724-2048x922.jpg 2048w\" sizes=\"auto, (max-width: 1024px) 100vw, 1024px\" \/><\/figure>\n\n\n\n<div style=\"height:var(--wp--preset--spacing--50)\" aria-hidden=\"true\" class=\"wp-block-spacer\"><\/div>\n\n\n\n<figure class=\"wp-block-image size-large is-style-rounded is-style-rounded--8\"><img loading=\"lazy\" decoding=\"async\" width=\"461\" height=\"1024\" src=\"https:\/\/outsourcetech.pl\/wp-content\/uploads\/2025\/06\/IMG_20240731_215559-461x1024.jpg\" alt=\"\" class=\"wp-image-220\" style=\"aspect-ratio:3\/4;object-fit:cover\" srcset=\"https:\/\/outsourcetech.pl\/wp-content\/uploads\/2025\/06\/IMG_20240731_215559-461x1024.jpg 461w, https:\/\/outsourcetech.pl\/wp-content\/uploads\/2025\/06\/IMG_20240731_215559-135x300.jpg 135w, https:\/\/outsourcetech.pl\/wp-content\/uploads\/2025\/06\/IMG_20240731_215559-768x1707.jpg 768w, https:\/\/outsourcetech.pl\/wp-content\/uploads\/2025\/06\/IMG_20240731_215559-691x1536.jpg 691w, https:\/\/outsourcetech.pl\/wp-content\/uploads\/2025\/06\/IMG_20240731_215559-922x2048.jpg 922w, https:\/\/outsourcetech.pl\/wp-content\/uploads\/2025\/06\/IMG_20240731_215559-scaled.jpg 1152w\" sizes=\"auto, (max-width: 461px) 100vw, 461px\" \/><\/figure>\n\n\n\n<div style=\"height:var(--wp--preset--spacing--50)\" aria-hidden=\"true\" class=\"wp-block-spacer\"><\/div>\n\n\n\n<figure class=\"wp-block-image size-large is-style-rounded is-style-rounded--9\"><img loading=\"lazy\" decoding=\"async\" width=\"461\" height=\"1024\" src=\"https:\/\/outsourcetech.pl\/wp-content\/uploads\/2025\/06\/IMG_20240731_215516-461x1024.jpg\" alt=\"\" class=\"wp-image-227\" style=\"aspect-ratio:3\/4;object-fit:cover\" srcset=\"https:\/\/outsourcetech.pl\/wp-content\/uploads\/2025\/06\/IMG_20240731_215516-461x1024.jpg 461w, https:\/\/outsourcetech.pl\/wp-content\/uploads\/2025\/06\/IMG_20240731_215516-135x300.jpg 135w, https:\/\/outsourcetech.pl\/wp-content\/uploads\/2025\/06\/IMG_20240731_215516-768x1707.jpg 768w, https:\/\/outsourcetech.pl\/wp-content\/uploads\/2025\/06\/IMG_20240731_215516-691x1536.jpg 691w, https:\/\/outsourcetech.pl\/wp-content\/uploads\/2025\/06\/IMG_20240731_215516-922x2048.jpg 922w, https:\/\/outsourcetech.pl\/wp-content\/uploads\/2025\/06\/IMG_20240731_215516-scaled.jpg 1152w\" sizes=\"auto, (max-width: 461px) 100vw, 461px\" \/><\/figure>\n<\/div>\n<\/div>\n<\/div>\n\n\n\n<div class=\"wp-block-uagb-container uagb-block-44266a24\">\n<h3 class=\"wp-block-heading has-text-align-center\"><strong><em>monta\u017c instalacji w przyczepie kempingowe<\/em><\/strong>j<\/h3>\n\n\n\n<div class=\"wp-block-group alignfull has-global-padding is-layout-constrained wp-container-core-group-is-layout-b25ccd55 wp-block-group-is-layout-constrained\" style=\"margin-top:0;margin-bottom:0;padding-top:var(--wp--preset--spacing--50);padding-right:var(--wp--preset--spacing--50);padding-bottom:var(--wp--preset--spacing--50);padding-left:var(--wp--preset--spacing--50)\">\n<div class=\"wp-block-columns alignwide is-layout-flex wp-container-core-columns-is-layout-ff4b9c61 wp-block-columns-is-layout-flex\" style=\"margin-top:0;margin-bottom:0\">\n<div class=\"wp-block-column is-layout-flow wp-container-core-column-is-layout-8a368f38 wp-block-column-is-layout-flow\">\n<figure class=\"wp-block-image size-large is-style-rounded is-style-rounded--10\"><img loading=\"lazy\" decoding=\"async\" width=\"1024\" height=\"461\" src=\"https:\/\/outsourcetech.pl\/wp-content\/uploads\/2025\/06\/IMG_20250416_125630-1024x461.jpg\" alt=\"\" class=\"wp-image-230\" style=\"aspect-ratio:4\/3;object-fit:cover\" srcset=\"https:\/\/outsourcetech.pl\/wp-content\/uploads\/2025\/06\/IMG_20250416_125630-1024x461.jpg 1024w, https:\/\/outsourcetech.pl\/wp-content\/uploads\/2025\/06\/IMG_20250416_125630-300x135.jpg 300w, https:\/\/outsourcetech.pl\/wp-content\/uploads\/2025\/06\/IMG_20250416_125630-768x346.jpg 768w, https:\/\/outsourcetech.pl\/wp-content\/uploads\/2025\/06\/IMG_20250416_125630-1536x691.jpg 1536w, https:\/\/outsourcetech.pl\/wp-content\/uploads\/2025\/06\/IMG_20250416_125630-2048x922.jpg 2048w\" sizes=\"auto, (max-width: 1024px) 100vw, 1024px\" \/><\/figure>\n\n\n\n<div style=\"height:var(--wp--preset--spacing--50)\" aria-hidden=\"true\" class=\"wp-block-spacer\"><\/div>\n\n\n\n<figure class=\"wp-block-image size-large is-style-rounded is-style-rounded--11\"><img loading=\"lazy\" decoding=\"async\" width=\"1024\" height=\"461\" src=\"https:\/\/outsourcetech.pl\/wp-content\/uploads\/2025\/06\/IMG_20250616_141301-1024x461.jpg\" alt=\"\" class=\"wp-image-234\" style=\"aspect-ratio:3\/4;object-fit:cover\" srcset=\"https:\/\/outsourcetech.pl\/wp-content\/uploads\/2025\/06\/IMG_20250616_141301-1024x461.jpg 1024w, https:\/\/outsourcetech.pl\/wp-content\/uploads\/2025\/06\/IMG_20250616_141301-300x135.jpg 300w, https:\/\/outsourcetech.pl\/wp-content\/uploads\/2025\/06\/IMG_20250616_141301-768x346.jpg 768w, https:\/\/outsourcetech.pl\/wp-content\/uploads\/2025\/06\/IMG_20250616_141301-1536x691.jpg 1536w, https:\/\/outsourcetech.pl\/wp-content\/uploads\/2025\/06\/IMG_20250616_141301-2048x922.jpg 2048w\" sizes=\"auto, (max-width: 1024px) 100vw, 1024px\" \/><\/figure>\n\n\n\n<div style=\"height:var(--wp--preset--spacing--50)\" aria-hidden=\"true\" class=\"wp-block-spacer\"><\/div>\n\n\n\n<figure class=\"wp-block-image size-large is-style-rounded is-style-rounded--12\"><img loading=\"lazy\" decoding=\"async\" width=\"1024\" height=\"768\" src=\"https:\/\/outsourcetech.pl\/wp-content\/uploads\/2025\/06\/1751197756841-1024x768.jpeg\" alt=\"\" class=\"wp-image-237\" style=\"aspect-ratio:3\/4;object-fit:cover\" srcset=\"https:\/\/outsourcetech.pl\/wp-content\/uploads\/2025\/06\/1751197756841-1024x768.jpeg 1024w, https:\/\/outsourcetech.pl\/wp-content\/uploads\/2025\/06\/1751197756841-300x225.jpeg 300w, https:\/\/outsourcetech.pl\/wp-content\/uploads\/2025\/06\/1751197756841-768x576.jpeg 768w, https:\/\/outsourcetech.pl\/wp-content\/uploads\/2025\/06\/1751197756841-1536x1152.jpeg 1536w, https:\/\/outsourcetech.pl\/wp-content\/uploads\/2025\/06\/1751197756841.jpeg 2048w\" sizes=\"auto, (max-width: 1024px) 100vw, 1024px\" \/><\/figure>\n<\/div>\n\n\n\n<div class=\"wp-block-column is-layout-flow wp-container-core-column-is-layout-8a368f38 wp-block-column-is-layout-flow\">\n<div style=\"height:var(--wp--preset--spacing--50)\" aria-hidden=\"true\" class=\"wp-block-spacer\"><\/div>\n\n\n\n<figure class=\"wp-block-image size-large is-style-rounded is-style-rounded--13\"><img loading=\"lazy\" decoding=\"async\" width=\"1024\" height=\"461\" src=\"https:\/\/outsourcetech.pl\/wp-content\/uploads\/2025\/06\/IMG_20250616_141751-1024x461.jpg\" alt=\"\" class=\"wp-image-232\" style=\"aspect-ratio:3\/4;object-fit:cover\" srcset=\"https:\/\/outsourcetech.pl\/wp-content\/uploads\/2025\/06\/IMG_20250616_141751-1024x461.jpg 1024w, https:\/\/outsourcetech.pl\/wp-content\/uploads\/2025\/06\/IMG_20250616_141751-300x135.jpg 300w, https:\/\/outsourcetech.pl\/wp-content\/uploads\/2025\/06\/IMG_20250616_141751-768x346.jpg 768w, https:\/\/outsourcetech.pl\/wp-content\/uploads\/2025\/06\/IMG_20250616_141751-1536x691.jpg 1536w, https:\/\/outsourcetech.pl\/wp-content\/uploads\/2025\/06\/IMG_20250616_141751-2048x922.jpg 2048w\" sizes=\"auto, (max-width: 1024px) 100vw, 1024px\" \/><\/figure>\n\n\n\n<div style=\"height:var(--wp--preset--spacing--50)\" aria-hidden=\"true\" class=\"wp-block-spacer\"><\/div>\n\n\n\n<figure class=\"wp-block-image size-large is-style-rounded is-style-rounded--14\"><img loading=\"lazy\" decoding=\"async\" width=\"1024\" height=\"461\" src=\"https:\/\/outsourcetech.pl\/wp-content\/uploads\/2025\/06\/IMG_20250624_093933-1024x461.jpg\" alt=\"\" class=\"wp-image-235\" style=\"aspect-ratio:1;object-fit:cover\" srcset=\"https:\/\/outsourcetech.pl\/wp-content\/uploads\/2025\/06\/IMG_20250624_093933-1024x461.jpg 1024w, https:\/\/outsourcetech.pl\/wp-content\/uploads\/2025\/06\/IMG_20250624_093933-300x135.jpg 300w, https:\/\/outsourcetech.pl\/wp-content\/uploads\/2025\/06\/IMG_20250624_093933-768x346.jpg 768w, https:\/\/outsourcetech.pl\/wp-content\/uploads\/2025\/06\/IMG_20250624_093933-1536x691.jpg 1536w, https:\/\/outsourcetech.pl\/wp-content\/uploads\/2025\/06\/IMG_20250624_093933-2048x922.jpg 2048w\" sizes=\"auto, (max-width: 1024px) 100vw, 1024px\" \/><\/figure>\n\n\n\n<div style=\"height:var(--wp--preset--spacing--50)\" aria-hidden=\"true\" class=\"wp-block-spacer\"><\/div>\n\n\n\n<figure class=\"wp-block-image size-large is-style-rounded is-style-rounded--15\"><img loading=\"lazy\" decoding=\"async\" width=\"768\" height=\"1024\" src=\"https:\/\/outsourcetech.pl\/wp-content\/uploads\/2025\/06\/1751197757001-768x1024.jpeg\" alt=\"\" class=\"wp-image-238\" style=\"aspect-ratio:1;object-fit:cover\" srcset=\"https:\/\/outsourcetech.pl\/wp-content\/uploads\/2025\/06\/1751197757001-768x1024.jpeg 768w, https:\/\/outsourcetech.pl\/wp-content\/uploads\/2025\/06\/1751197757001-225x300.jpeg 225w, https:\/\/outsourcetech.pl\/wp-content\/uploads\/2025\/06\/1751197757001-1152x1536.jpeg 1152w, https:\/\/outsourcetech.pl\/wp-content\/uploads\/2025\/06\/1751197757001.jpeg 1536w\" sizes=\"auto, (max-width: 768px) 100vw, 768px\" \/><\/figure>\n<\/div>\n\n\n\n<div class=\"wp-block-column is-layout-flow wp-container-core-column-is-layout-8a368f38 wp-block-column-is-layout-flow\">\n<figure class=\"wp-block-image size-large is-style-rounded is-style-rounded--16\"><img loading=\"lazy\" decoding=\"async\" width=\"461\" height=\"1024\" src=\"https:\/\/outsourcetech.pl\/wp-content\/uploads\/2025\/06\/IMG_20250612_061859-461x1024.jpg\" alt=\"\" class=\"wp-image-233\" style=\"aspect-ratio:3\/4;object-fit:cover\" srcset=\"https:\/\/outsourcetech.pl\/wp-content\/uploads\/2025\/06\/IMG_20250612_061859-461x1024.jpg 461w, https:\/\/outsourcetech.pl\/wp-content\/uploads\/2025\/06\/IMG_20250612_061859-135x300.jpg 135w, https:\/\/outsourcetech.pl\/wp-content\/uploads\/2025\/06\/IMG_20250612_061859-768x1707.jpg 768w, https:\/\/outsourcetech.pl\/wp-content\/uploads\/2025\/06\/IMG_20250612_061859-691x1536.jpg 691w, https:\/\/outsourcetech.pl\/wp-content\/uploads\/2025\/06\/IMG_20250612_061859-922x2048.jpg 922w, https:\/\/outsourcetech.pl\/wp-content\/uploads\/2025\/06\/IMG_20250612_061859-scaled.jpg 1152w\" sizes=\"auto, (max-width: 461px) 100vw, 461px\" \/><\/figure>\n\n\n\n<div style=\"height:var(--wp--preset--spacing--50)\" aria-hidden=\"true\" class=\"wp-block-spacer\"><\/div>\n\n\n\n<figure class=\"wp-block-image size-large is-style-rounded is-style-rounded--17\"><img loading=\"lazy\" decoding=\"async\" width=\"461\" height=\"1024\" src=\"https:\/\/outsourcetech.pl\/wp-content\/uploads\/2025\/06\/IMG_20250624_103148-461x1024.jpg\" alt=\"\" class=\"wp-image-236\" style=\"aspect-ratio:3\/4;object-fit:cover\" srcset=\"https:\/\/outsourcetech.pl\/wp-content\/uploads\/2025\/06\/IMG_20250624_103148-461x1024.jpg 461w, https:\/\/outsourcetech.pl\/wp-content\/uploads\/2025\/06\/IMG_20250624_103148-135x300.jpg 135w, https:\/\/outsourcetech.pl\/wp-content\/uploads\/2025\/06\/IMG_20250624_103148-768x1707.jpg 768w, https:\/\/outsourcetech.pl\/wp-content\/uploads\/2025\/06\/IMG_20250624_103148-691x1536.jpg 691w, https:\/\/outsourcetech.pl\/wp-content\/uploads\/2025\/06\/IMG_20250624_103148-922x2048.jpg 922w, https:\/\/outsourcetech.pl\/wp-content\/uploads\/2025\/06\/IMG_20250624_103148-scaled.jpg 1152w\" sizes=\"auto, (max-width: 461px) 100vw, 461px\" \/><\/figure>\n\n\n\n<div style=\"height:var(--wp--preset--spacing--50)\" aria-hidden=\"true\" class=\"wp-block-spacer\"><\/div>\n\n\n\n<figure class=\"wp-block-image size-large is-style-rounded is-style-rounded--18\"><img loading=\"lazy\" decoding=\"async\" width=\"1024\" height=\"768\" src=\"https:\/\/outsourcetech.pl\/wp-content\/uploads\/2025\/06\/1751197757080-1024x768.jpeg\" alt=\"\" class=\"wp-image-239\" style=\"aspect-ratio:16\/9;object-fit:cover\" srcset=\"https:\/\/outsourcetech.pl\/wp-content\/uploads\/2025\/06\/1751197757080-1024x768.jpeg 1024w, https:\/\/outsourcetech.pl\/wp-content\/uploads\/2025\/06\/1751197757080-300x225.jpeg 300w, https:\/\/outsourcetech.pl\/wp-content\/uploads\/2025\/06\/1751197757080-768x576.jpeg 768w, https:\/\/outsourcetech.pl\/wp-content\/uploads\/2025\/06\/1751197757080-1536x1152.jpeg 1536w, https:\/\/outsourcetech.pl\/wp-content\/uploads\/2025\/06\/1751197757080.jpeg 2048w\" sizes=\"auto, (max-width: 1024px) 100vw, 1024px\" \/><\/figure>\n<\/div>\n<\/div>\n<\/div>\n<\/div>\n<\/div>\n<\/div><\/div>\n","protected":false},"excerpt":{"rendered":"<p>&#8230;to oferta skierowanadla domk\u00f3w traperskich &#8230;mini domk\u00f3w dla dzieci &#8230;pojazd\u00f3w kamperowych,campervan\u00f3w przyczep i domk\u00f3w kempingowych oraz mobilnych i przeno\u015bnychinstalacji fotowoltaicznych &#8230;instalacja w domku dla dziecka monta\u017c instalacji w przyczepie kempingowej<\/p>\n","protected":false},"author":1,"featured_media":172,"parent":0,"menu_order":0,"comment_status":"closed","ping_status":"closed","template":"","meta":{"_uag_custom_page_level_css":"","footnotes":""},"class_list":["post-168","page","type-page","status-publish","has-post-thumbnail","hentry"],"uagb_featured_image_src":{"full":["https:\/\/outsourcetech.pl\/wp-content\/uploads\/2025\/05\/offgrid.png",928,828,false],"thumbnail":["https:\/\/outsourcetech.pl\/wp-content\/uploads\/2025\/05\/offgrid-150x150.png",150,150,true],"medium":["https:\/\/outsourcetech.pl\/wp-content\/uploads\/2025\/05\/offgrid-300x268.png",300,268,true],"medium_large":["https:\/\/outsourcetech.pl\/wp-content\/uploads\/2025\/05\/offgrid-768x685.png",768,685,true],"large":["https:\/\/outsourcetech.pl\/wp-content\/uploads\/2025\/05\/offgrid.png",928,828,false],"1536x1536":["https:\/\/outsourcetech.pl\/wp-content\/uploads\/2025\/05\/offgrid.png",928,828,false],"2048x2048":["https:\/\/outsourcetech.pl\/wp-content\/uploads\/2025\/05\/offgrid.png",928,828,false]},"uagb_author_info":{"display_name":"admin","author_link":"https:\/\/outsourcetech.pl\/?author=1"},"uagb_comment_info":0,"uagb_excerpt":"&#8230;to oferta skierowanadla domk\u00f3w traperskich &#8230;mini domk\u00f3w dla dzieci &#8230;pojazd\u00f3w kamperowych,campervan\u00f3w przyczep i domk\u00f3w kempingowych oraz mobilnych i przeno\u015bnychinstalacji fotowoltaicznych &#8230;instalacja w domku dla dziecka monta\u017c instalacji w przyczepie kempingowej","_links":{"self":[{"href":"https:\/\/outsourcetech.pl\/index.php?rest_route=\/wp\/v2\/pages\/168","targetHints":{"allow":["GET"]}}],"collection":[{"href":"https:\/\/outsourcetech.pl\/index.php?rest_route=\/wp\/v2\/pages"}],"about":[{"href":"https:\/\/outsourcetech.pl\/index.php?rest_route=\/wp\/v2\/types\/page"}],"author":[{"embeddable":true,"href":"https:\/\/outsourcetech.pl\/index.php?rest_route=\/wp\/v2\/users\/1"}],"replies":[{"embeddable":true,"href":"https:\/\/outsourcetech.pl\/index.php?rest_route=%2Fwp%2Fv2%2Fcomments&post=168"}],"version-history":[{"count":6,"href":"https:\/\/outsourcetech.pl\/index.php?rest_route=\/wp\/v2\/pages\/168\/revisions"}],"predecessor-version":[{"id":264,"href":"https:\/\/outsourcetech.pl\/index.php?rest_route=\/wp\/v2\/pages\/168\/revisions\/264"}],"wp:featuredmedia":[{"embeddable":true,"href":"https:\/\/outsourcetech.pl\/index.php?rest_route=\/wp\/v2\/media\/172"}],"wp:attachment":[{"href":"https:\/\/outsourcetech.pl\/index.php?rest_route=%2Fwp%2Fv2%2Fmedia&parent=168"}],"curies":[{"name":"wp","href":"https:\/\/api.w.org\/{rel}","templated":true}]}}