{"id":114,"date":"2025-05-06T20:34:47","date_gmt":"2025-05-06T18:34:47","guid":{"rendered":"https:\/\/outsourcetech.pl\/?page_id=114"},"modified":"2025-05-06T23:00:02","modified_gmt":"2025-05-06T21:00:02","slug":"oferta","status":"publish","type":"page","link":"https:\/\/outsourcetech.pl\/?page_id=114","title":{"rendered":"Oferta"},"content":{"rendered":"\n<p>&#8211; Prace projektowe z us\u0142ug\u0105 monta\u017cu instalacji i uruchomienia<br><br>&#8211; Diagnostyka awarii maszyn i urz\u0105dze\u0144<br><br>&#8211; Modernizacja i remonty maszyn<br><br>&#8211; Prototypowanie, budowa oraz testy maszyn i urz\u0105dze\u0144<br><br>&#8211; Konsultacje oraz wsparcie techniczne projekt\u00f3w automatyzacji<br><br>&#8211; Prowadzenie oraz wdra\u017canie projekt\u00f3w badawczo-rozwojowych<\/p>\n\n\n\n<p><br>Specjalizacje:<br><br>&#8211; Programowanie sterownik\u00f3w PLC<br><br>&#8211; Tworzenie wizualizacja paneli HMI<br><br>&#8211; Instalacja oraz parametryzacja laser\u00f3w znakuj\u0105cych<br><br>&#8211; Systemy wizyjne<\/p>\n","protected":false},"excerpt":{"rendered":"<p>&#8211; Prace projektowe z us\u0142ug\u0105 monta\u017cu instalacji i uruchomienia &#8211; Diagnostyka awarii maszyn i urz\u0105dze\u0144 &#8211; Modernizacja i remonty maszyn &#8211; Prototypowanie, budowa oraz testy maszyn i urz\u0105dze\u0144 &#8211; Konsultacje oraz wsparcie techniczne projekt\u00f3w automatyzacji &#8211; Prowadzenie oraz wdra\u017canie projekt\u00f3w badawczo-rozwojowych Specjalizacje: &#8211; Programowanie sterownik\u00f3w PLC &#8211; Tworzenie wizualizacja paneli HMI &#8211; Instalacja oraz parametryzacja [&hellip;]<\/p>\n","protected":false},"author":1,"featured_media":0,"parent":0,"menu_order":0,"comment_status":"closed","ping_status":"closed","template":"","meta":{"_uag_custom_page_level_css":"","footnotes":""},"class_list":["post-114","page","type-page","status-publish","hentry"],"uagb_featured_image_src":{"full":false,"thumbnail":false,"medium":false,"medium_large":false,"large":false,"1536x1536":false,"2048x2048":false},"uagb_author_info":{"display_name":"admin","author_link":"https:\/\/outsourcetech.pl\/?author=1"},"uagb_comment_info":0,"uagb_excerpt":"&#8211; Prace projektowe z us\u0142ug\u0105 monta\u017cu instalacji i uruchomienia &#8211; Diagnostyka awarii maszyn i urz\u0105dze\u0144 &#8211; Modernizacja i remonty maszyn &#8211; Prototypowanie, budowa oraz testy maszyn i urz\u0105dze\u0144 &#8211; Konsultacje oraz wsparcie techniczne projekt\u00f3w automatyzacji &#8211; Prowadzenie oraz wdra\u017canie projekt\u00f3w badawczo-rozwojowych Specjalizacje: &#8211; Programowanie sterownik\u00f3w PLC &#8211; Tworzenie wizualizacja paneli HMI &#8211; Instalacja oraz parametryzacja&hellip;","_links":{"self":[{"href":"https:\/\/outsourcetech.pl\/index.php?rest_route=\/wp\/v2\/pages\/114","targetHints":{"allow":["GET"]}}],"collection":[{"href":"https:\/\/outsourcetech.pl\/index.php?rest_route=\/wp\/v2\/pages"}],"about":[{"href":"https:\/\/outsourcetech.pl\/index.php?rest_route=\/wp\/v2\/types\/page"}],"author":[{"embeddable":true,"href":"https:\/\/outsourcetech.pl\/index.php?rest_route=\/wp\/v2\/users\/1"}],"replies":[{"embeddable":true,"href":"https:\/\/outsourcetech.pl\/index.php?rest_route=%2Fwp%2Fv2%2Fcomments&post=114"}],"version-history":[{"count":3,"href":"https:\/\/outsourcetech.pl\/index.php?rest_route=\/wp\/v2\/pages\/114\/revisions"}],"predecessor-version":[{"id":148,"href":"https:\/\/outsourcetech.pl\/index.php?rest_route=\/wp\/v2\/pages\/114\/revisions\/148"}],"wp:attachment":[{"href":"https:\/\/outsourcetech.pl\/index.php?rest_route=%2Fwp%2Fv2%2Fmedia&parent=114"}],"curies":[{"name":"wp","href":"https:\/\/api.w.org\/{rel}","templated":true}]}}